{"id":1951,"date":"2021-09-07T07:45:02","date_gmt":"2021-09-07T07:45:02","guid":{"rendered":"https:\/\/www.crealogica.com\/?page_id=1951"},"modified":"2021-09-08T10:36:52","modified_gmt":"2021-09-08T10:36:52","slug":"aviso-legal","status":"publish","type":"page","link":"https:\/\/www.crealogica.com\/es\/aviso-legal\/","title":{"rendered":"Aviso Legal"},"content":{"rendered":"\t\t<div data-elementor-type=\"wp-page\" data-elementor-id=\"1951\" class=\"elementor elementor-1951\">\n\t\t\t\t\t\t<section class=\"elementor-section elementor-top-section elementor-element elementor-element-125f7978 elementor-section-boxed elementor-section-height-default elementor-section-height-default\" data-id=\"125f7978\" data-element_type=\"section\" data-e-type=\"section\">\n\t\t\t\t\t\t<div class=\"elementor-container elementor-column-gap-default\">\n\t\t\t\t\t<div class=\"elementor-column elementor-col-100 elementor-top-column elementor-element elementor-element-54574962\" data-id=\"54574962\" data-element_type=\"column\" data-e-type=\"column\">\n\t\t\t<div class=\"elementor-widget-wrap elementor-element-populated\">\n\t\t\t\t\t\t<div class=\"elementor-element elementor-element-2062970 elementor-widget elementor-widget-heading\" data-id=\"2062970\" data-element_type=\"widget\" data-e-type=\"widget\" data-widget_type=\"heading.default\">\n\t\t\t\t<div class=\"elementor-widget-container\">\n\t\t\t\t\t<h2 class=\"elementor-heading-title elementor-size-default\">Aviso Legal<\/h2>\t\t\t\t<\/div>\n\t\t\t\t<\/div>\n\t\t\t\t<div class=\"elementor-element elementor-element-51bb6b0f elementor-widget elementor-widget-text-editor\" data-id=\"51bb6b0f\" data-element_type=\"widget\" data-e-type=\"widget\" data-widget_type=\"text-editor.default\">\n\t\t\t\t<div class=\"elementor-widget-container\">\n\t\t\t\t\t\t\t\t\t<p>El uso de la web\u00a0<a href=\"http:\/\/www.crealogica.com\/\">http:\/\/www.crealogica.com\u00a0<\/a>comporta la aceptaci\u00f3n expresa y sin reservas de las siguientes condiciones de uso.<\/p><p><strong>Titular de la web.<\/strong><\/p><p>Crealogica.com \u00ae SL , con domicilio social en la c\/ Sicilia 253, 6\u00ba-1\u00aa ( 08025 ) Barcelona &#8211; Espa\u00f1a -, con NIF : B66672676<\/p><p>Para cualquier incidencia en la p\u00e1gina o consulta , los usuarios pueden dirigirse a la direcci\u00f3n postal anteriormente indicada, a\u00a0info@crealogica.com\u00a0o llamar al tel\u00e9fono +34.932853114.<\/p><p>El titular no se hace responsable de la interrupci\u00f3n del servicio , los da\u00f1os derivados del uso de la Web, los errores en los contenidos ni de los v\u00ednculos a los que pueda conducir la misma.<\/p><p>Contenido. La informaci\u00f3n que contiene esta p\u00e1gina es de car\u00e1cter general , sin que sus contenidos puedan ser entendidos como asesoramiento legal al usuario.<\/p><p>Los contenidos de esta p\u00e1gina pueden ser modificados o suprimidos o su uso restringido sin previo aviso al usuario.<\/p><p>El titular no responder\u00e1 por el uso personal o profesional que el usuario haga de la informaci\u00f3n de esta p\u00e1gina.<\/p><p><strong>Propiedad intelectual de Crealogica.com \u00ae SL \u00a9 2021<\/strong><\/p><p>El contenido de esta web- informaci\u00f3n , dise\u00f1o , im\u00e1genes , marca &#8211; es propiedad intelectual de Crealogica.com \u00ae SL , a excepci\u00f3n de los casos en que expresamente se manifieste lo contrario.<\/p><p>En el caso de que se utilicen contenidos de terceros, el titular garantiza haberlo hecho con autorizaci\u00f3n del \/ de la autor \/ a.<\/p><p>Calidad del servicio. El acceso a la Web es gratuito, sin perjuicio de los gastos que se deriven de la conexi\u00f3n telem\u00e1tica del usuario.<\/p><p>Esta p\u00e1gina hace uso de Cookies, archivos que permanecen en el disco duro del usuario a efectos de facilitar la navegaci\u00f3n y mejorar el servicio de la Web mediante la recogida de datos estad\u00edsticos sobre las visitas recibidas.<\/p><p>Web accesible sin necesidad de que est\u00e9n activadas las cookies. El usuario podr\u00e1 configurar su navegador para impedir la creaci\u00f3n y almacenamiento de archivos cookies en su ordenador.<\/p><p>Las cookies pueden ser eliminadas f\u00e1cilmente de su ordenador. Si hace uso del EXPLORER, para borrar los archivos creados durante la visita a la web puede acceder a Herramientas &gt;&gt; Opciones de Internet &#8230; &gt;&gt; General &gt;&gt; Archivos temporales de Internet &gt;&gt; Eliminar cookies, de esta manera se borraran todos los archivos cookies almacenados en su ordenador para todas las p\u00e1ginas que el Usuario haya visitado, no s\u00f3lo la de Crealogica.com \u00ae SL.<\/p><p>El titular del Web no garantiza la ausencia de virus, troyanos u otros elementos que puedan da\u00f1ar el ordenador del usuario , provocar problemas de seguridad u otras alteraciones inform\u00e1ticas. El usuario que hace uso de la web lo hace por su propia cuenta y riesgo, de modo que el titular no responder\u00e1 de ning\u00fan da\u00f1o que pudiera ocasionarse en los archivos, dispositivos inform\u00e1ticos o el ordenador del usuario.<\/p><p>Enlaces. El titular de la web no se hace responsable del contenido ni de la fiabilidad de las p\u00e1ginas a las que pueda acceder a trav\u00e9s de los enlaces de esta.<\/p><p>En caso de que el usuario detecte cualquier irregularidad en los enlaces externos que contiene esta web , rogamos lo comunique al titular mediante cualquiera de los canales ya indicados.<\/p><p>El usuario que quiera enlazar su web con la de Crealogica.com \u00ae SL, debe solicitar autorizaci\u00f3n por escrito . El titular podr\u00e1 autorizar o imponer restricciones al uso de los v\u00ednculos.<\/p><p>Estatuto del usuario. El usuario tendr\u00e1 derecho a navegar por Internet y acceder a todos los contenidos que sean de car\u00e1cter p\u00fablico. Asimismo , podr\u00e1 extraer informaci\u00f3n o realizar copias de su contenido para uso privado, siempre que no se modifique la informaci\u00f3n extra\u00edda y en la copia se haga referencia a las presentes condiciones de uso.<\/p><p>Queda totalmente prohibido reproducir, difundir o hacer cualquier uso de los contenidos de la web para fines p\u00fablicos. Si resultara deseable, deber\u00e1 solicitar la oportuna autorizaci\u00f3n por escrito, y el titular del Web imponer las restricciones que considere oportunas.<\/p><p>El usuario tendr\u00e1 el deber de hacer uso del portal de forma diligente y de acuerdo con las presentes condiciones de uso y las leyes. En caso de que el Usuario intente acceder de forma irregular en las zonas restringidas o da\u00f1e la web, el titular podr\u00e1 ejercer las oportunas acciones legales contra este.<\/p><p>Para resolver cualquier cuesti\u00f3n que pudiera surgir en relaci\u00f3n a las condiciones de uso o del servicio prestado en la web, se aplicar\u00e1 la ley espa\u00f1ola. Asimismo, para resolver cualquier cuesti\u00f3n relativa a las presentes condiciones de uso o al servicio prestado en la Web ser\u00e1n competentes los tribunales espa\u00f1oles.<\/p><p>Pol\u00edtica de privacidad cookies<\/p><p><strong>RGDP<\/strong><\/p><p>TIPO DE COOKIES UTILIZADAS POR ESTA WEB<\/p><p>Las cookies utilizadas en esta web son de sesi\u00f3n y t\u00e9cnicas, y nos permiten almacenar y acceder a informaci\u00f3n relativa al idioma, el tipo de navegador utilizado y otras caracter\u00edsticas generales predefinidas por el usuario, as\u00ed como seguir y analizar la actividad que lleva a cabo, con el objeto de introducir mejoras y prestar nuestros servicios de una manera m\u00e1s eficiente y personalizada. Las cookies utilizadas tienen, en todo caso, car\u00e1cter temporal, con la \u00fanica finalidad de hacer m\u00e1s eficaz la navegaci\u00f3n, y desaparecen al terminar la sesi\u00f3n del usuario. En ning\u00fan caso, estas cookies proporcionan por s\u00ed mismas datos de car\u00e1cter personal y no se utilizar\u00e1n para la recogida de las mismas.<\/p><p>La utilizaci\u00f3n de las cookies ofrece ventajas dado que: &#8211; facilita al usuario la navegaci\u00f3n y el acceso a los diferentes servicios que ofrece la web; &#8211; evita al usuario tener que configurar las caracter\u00edsticas generales predefinidas cada vez que acceda a la web; y &#8211; favorece la mejora del funcionamiento y de los servicios prestados a trav\u00e9s de esta web, tras el correspondiente an\u00e1lisis de la informaci\u00f3n obtenida a trav\u00e9s de las cookies instaladas.<\/p><p>Al acceder a la web se le informa que si sigue navegando dentro de la misma se le instalar\u00e1n varias cookies de terceros consintiendo as\u00ed la instalaci\u00f3n de \u00e9stas, que tendr\u00e1n como \u00fanica finalidad la de registrar el acceso a la web para la realizaci\u00f3n de estad\u00edsticas sobre las visitas, recopilando informaci\u00f3n siempre de forma an\u00f3nima. No es necesario que acepte la instalaci\u00f3n de estas cookies, podr\u00e1 navegar igualmente por toda nuestra web. En varias secciones de la web se podr\u00e1n instalar cookies de terceros, en concreto las siguientes:<\/p><p>\u2022 Cookie de Twitter, seg\u00fan lo dispuesto en su pol\u00edtica de privacidad y uso de cookies.<\/p><p>\u2022 Cookie de Facebook, seg\u00fan lo dispuesto en su pol\u00edtica de cookies.<\/p><p>\u2022 Cookie de Linkedin, seg\u00fan lo dispuesto en su uso de las cookies.<\/p><p>REVOCACI\u00d3N<\/p><p>En todo momento podr\u00e1 acceder a la configuraci\u00f3n de su navegador aceptando o rechazando todas las cookies, o bien seleccionando aquellas la instalaci\u00f3n de las que admite y cu\u00e1les no, siguiendo uno de los siguientes procedimientos (depender\u00e1 del navegador que utilice):<br \/>Google Chrome: https:\/\/support.google.com\/chrome\/answer\/95647?co=GENIE.Platform%3DDesktopandhl=es Microsoft Internet<br \/>Explorer: https:\/\/support.microsoft.com\/es-es\/help\/17442\/windows-internet-explorer-delete-manage-cookies<br \/>Firefox: https:\/\/support.mozilla.org\/es\/kb\/habilitar-y-deshabilitar-cookies-sitios-web-rastrear-preferencias<\/p><p>Safari, iPad y iPhone: https:\/\/support.apple.com\/kb\/ph21411?locale=es_ES Opera: http:\/\/help.opera.com\/Linux\/10.60\/es-ES\/cookies.html<\/p><p>DESACTIVACI\u00d3N \/ ACTIVACI\u00d3N Y ELIMINACI\u00d3N DE COOKIES<\/p><p>Para restringir o bloquear las cookies, se debe hacer a trav\u00e9s de la configuraci\u00f3n del navegador. Si no desea que los sitios web instalen cookies en su equipo, puede adaptar la configuraci\u00f3n del navegador de modo que se le notifique antes no se instale ning\u00fan cookie. De igual manera, puede adaptar la configuraci\u00f3n de forma que el navegador rechace todas las cookies, o \u00fanicamente las cookies de terceros. Tambi\u00e9n puede eliminar cualquiera de las cookies que ya se encuentren en el equipo. Tenga en cuenta que tendr\u00e1 que adaptarse por separado la configuraci\u00f3n de cada navegador y equipo que utilice.<\/p><p>Debe tener en cuenta que si no desea recibir cookies, ya no podremos garantizar que nuestro sitio web funcione debidamente. Quiz\u00e1 algunas funciones del sitio se pierdan y es posible que ya no pueda ver ciertos sitios web. Adem\u00e1s, rechaz\u00f3 las cookies no significa que ya no vaya a ver anuncios publicitarios. Simplemente los anuncios no se ajustar\u00e1n a sus intereses y se repetir\u00e1n con m\u00e1s frecuencia. Cada navegador tiene un m\u00e9todo diferente para adaptar la configuraci\u00f3n. Si fuera necesario, consulte la funci\u00f3n de ayuda del navegador para establecer la configuraci\u00f3n correcta.<\/p><p>Para desactivar las cookies en el tel\u00e9fono m\u00f3vil, consulte el manual del dispositivo para m\u00e1s informaci\u00f3n. Tambi\u00e9n puede obtener m\u00e1s informaci\u00f3n sobre las cookies en Internet en el siguiente enlace: http:\/\/www.aboutcookies.org\/. Teniendo en cuenta la forma en la que funciona Internet y las p\u00e1ginas web, no siempre contamos con informaci\u00f3n de las cookies que colocan terceras partes a trav\u00e9s de nuestra web. Esto se aplica especialmente a casos en los que nuestra p\u00e1gina contiene lo que se denominan elementos integrados: textos, documentos, im\u00e1genes o breves pel\u00edculas que se almacenan en otro lugar, pero se muestran en nuestro web. Si es el caso que se encuentra con este tipo de cookies y no est\u00e1n enumeradas en nuestro listado anterior, le rogamos nos lo comunique, o bien p\u00f3ngase directamente en contacto con el tercero para pedirle informaci\u00f3n sobre las cookies que coloca, la finalidad y la duraci\u00f3n de la cookie, y como garantiza su privacidad.<\/p><p>Las cookies de Google Analytics: se utilizan con el fin de analizar y medir c\u00f3mo los visitantes usan este sitio web. La informaci\u00f3n sirve para elaborar informes que permiten mejorar este sitio. Estas cookies recopilan informaci\u00f3n en forma an\u00f3nima, n\u00famero de visitantes por fechas y las p\u00e1ginas que visit\u00f3 mientras navegaba en nuestro sitio web.<\/p><p>El usuario podr\u00e1 enviar sus datos personales a Crealogica.com \u00ae SL, para contactar con nosotros, hacer consultas en l\u00ednea, solicitar servicios o participar en procesos de selecci\u00f3n de personal.<\/p><p>La informaci\u00f3n ser\u00e1 tratada con la m\u00e1xima confidencialidad exigible y de conformidad con las normas aplicables al ejercicio de la profesi\u00f3n.<\/p><p>En el caso de contactos y consultas, la informaci\u00f3n ser\u00e1 utilizada exclusivamente a los efectos de dar respuesta a las cuestiones que se planteen. En el caso de que llegara a establecer una relaci\u00f3n comercial, la informaci\u00f3n se puede utilizar para mantener esta relaci\u00f3n. La informaci\u00f3n facilitada tambi\u00e9n podr\u00e1 usarse para realizar estad\u00edsticas a efectos de mejorar el servicio de la Web, salvo que el usuario en su comunicaci\u00f3n deje constancia expresa en contrario.<\/p><p>Crealogica.com \u00ae SL, no se compromete a dar respuesta a todas las consultas, contactos y \/ o curr\u00edculos enviados a trav\u00e9s de la web.<\/p><p>Toda informaci\u00f3n enviada ser\u00e1 archivada en nuestras bases de datos, salvo que el usuario solicite expresamente su eliminaci\u00f3n. El usuario, o en su caso su representante, podr\u00e1 ejercer los derechos reconocidos por la RGDP 3\/2018 de Protecci\u00f3n de Datos de car\u00e1cter personal, y, en particular, los derechos de acceso, rectificaci\u00f3n o cancelaci\u00f3n de datos, u oposici\u00f3n a su uso para ciertas finalidades, mediante solicitud escrita y firmada -a la que acompa\u00f1e fotocopia del Documento Nacional de Identidad, Tarjeta de Residencia o pasaporte y en el que se indiquen el nombre y apellidos del usuario, su domicilio a efectos de notificaciones, y se indique la petici\u00f3n concreta -dirigida a Crealogica.com \u00ae SL, la direcci\u00f3n de su domicilio social.<\/p><p>Crealogica.com \u00ae SL, se reserva el derecho a la cancelaci\u00f3n de los datos personales existentes en la base de datos cuando dejen de ser \u00fatiles o pertinentes para la finalidad para la cual hubieran sido recabados o registrados.<\/p><p>El usuario deber\u00e1 verificar la seguridad de su red cuando env\u00ede datos confidenciales. El titular de la web no se hace responsable de la confidencialidad en la transmisi\u00f3n de datos.<\/p><p>En caso de que el usuario no desee suministrar los datos de car\u00e1cter personal marcados como campos obligatorios, el sistema no le permitir\u00e1 suscribir el formulario. En este caso, el usuario podr\u00e1 ponerse en contacto con Crealogica.com \u00ae SL, por escrito, enviando carta en la que consten los datos personales en el domicilio social ya indicado . Los datos recibidos ser\u00e1n tratados de igual manera que los recibos a trav\u00e9s de nuestra web.<\/p>\t\t\t\t\t\t\t\t<\/div>\n\t\t\t\t<\/div>\n\t\t\t\t\t<\/div>\n\t\t<\/div>\n\t\t\t\t\t<\/div>\n\t\t<\/section>\n\t\t\t\t<\/div>\n\t\t","protected":false},"excerpt":{"rendered":"<p>Aviso Legal El uso de la web\u00a0http:\/\/www.crealogica.com\u00a0comporta la aceptaci\u00f3n expresa y sin reservas de las siguientes condiciones de uso. Titular de la web. Crealogica.com \u00ae SL , con domicilio social en la c\/ Sicilia 253, 6\u00ba-1\u00aa ( 08025 ) Barcelona &#8211; Espa\u00f1a -, con NIF : B66672676 Para cualquier incidencia en la p\u00e1gina o consulta [&hellip;]<\/p>\n","protected":false},"author":3,"featured_media":0,"parent":0,"menu_order":0,"comment_status":"closed","ping_status":"closed","template":"elementor_theme","meta":{"inline_featured_image":false,"footnotes":""},"class_list":["post-1951","page","type-page","status-publish","hentry"],"_links":{"self":[{"href":"https:\/\/www.crealogica.com\/es\/wp-json\/wp\/v2\/pages\/1951","targetHints":{"allow":["GET"]}}],"collection":[{"href":"https:\/\/www.crealogica.com\/es\/wp-json\/wp\/v2\/pages"}],"about":[{"href":"https:\/\/www.crealogica.com\/es\/wp-json\/wp\/v2\/types\/page"}],"author":[{"embeddable":true,"href":"https:\/\/www.crealogica.com\/es\/wp-json\/wp\/v2\/users\/3"}],"replies":[{"embeddable":true,"href":"https:\/\/www.crealogica.com\/es\/wp-json\/wp\/v2\/comments?post=1951"}],"version-history":[{"count":0,"href":"https:\/\/www.crealogica.com\/es\/wp-json\/wp\/v2\/pages\/1951\/revisions"}],"wp:attachment":[{"href":"https:\/\/www.crealogica.com\/es\/wp-json\/wp\/v2\/media?parent=1951"}],"curies":[{"name":"wp","href":"https:\/\/api.w.org\/{rel}","templated":true}]}}